{"id":4939,"date":"2024-12-23T19:22:27","date_gmt":"2024-12-23T19:22:27","guid":{"rendered":"https:\/\/www.dsoline.com\/product\/sl30\/"},"modified":"2025-10-27T16:44:01","modified_gmt":"2025-10-27T16:44:01","slug":"sl30","status":"publish","type":"product","link":"https:\/\/www.dsoline.com\/lv\/product\/sl30\/","title":{"rendered":"SL30"},"content":{"rendered":"<p>Pielieto spriegumakt\u012bvo kailvadu l\u012bniju nozarojumiem vai transformatoru pievieno\u0161anai \/ atvieno\u0161ana vid\u0113ja sprieguma l\u012bnij\u0101s. P\u0101rkl\u0101to vadu l\u012bnijai \u0161o spaili mont\u0113 uz U-formas raga (piem. 2 x SLW36 + PSS924 + SL30). Spaile izgatavota no korozijas iztur\u012bga alum\u012bnija un skr\u016bves no ner\u016bs\u0113jo\u0161a t\u0113rauda. Nozarojuma Cu vadiem papildus j\u0101lieto uzmava PSS830. Uzst\u0101d\u012b\u0161anu var veikt ar izol\u0113ta sl\u0113gstie\u0146a CT48 pal\u012bdz\u012bbu. Spailei SL30 nozarojuma virziens ir vertik\u0101li uz leju.      <\/p>\n","protected":false},"excerpt":{"rendered":"<p>Pielieto spriegumakt\u012bvo kailvadu l\u012bniju nozarojumiem vai transformatoru pievieno\u0161anai \/ atvieno\u0161ana vid\u0113ja sprieguma l\u012bnij\u0101s. P\u0101rkl\u0101to vadu l\u012bnijai \u0161o spaili mont\u0113 uz U-formas raga (piem. 2 x SLW36 + PSS924 + SL30). Spaile izgatavota no korozijas iztur\u012bga alum\u012bnija un skr\u016bves no ner\u016bs\u0113jo\u0161a t\u0113rauda. Nozarojuma Cu vadiem papildus j\u0101lieto uzmava PSS830. Uzst\u0101d\u012b\u0161anu var veikt ar izol\u0113ta sl\u0113gstie\u0146a CT48 [&hellip;]<\/p>\n","protected":false},"featured_media":4164,"comment_status":"closed","ping_status":"closed","template":"","meta":{"_acf_changed":false,"ocean_post_layout":"","ocean_both_sidebars_style":"","ocean_both_sidebars_content_width":0,"ocean_both_sidebars_sidebars_width":0,"ocean_sidebar":"0","ocean_second_sidebar":"0","ocean_disable_margins":"enable","ocean_add_body_class":"","ocean_shortcode_before_top_bar":"","ocean_shortcode_after_top_bar":"","ocean_shortcode_before_header":"","ocean_shortcode_after_header":"","ocean_has_shortcode":"","ocean_shortcode_after_title":"","ocean_shortcode_before_footer_widgets":"","ocean_shortcode_after_footer_widgets":"","ocean_shortcode_before_footer_bottom":"","ocean_shortcode_after_footer_bottom":"","ocean_display_top_bar":"default","ocean_display_header":"default","ocean_header_style":"","ocean_center_header_left_menu":"0","ocean_custom_header_template":"0","ocean_custom_logo":0,"ocean_custom_retina_logo":0,"ocean_custom_logo_max_width":0,"ocean_custom_logo_tablet_max_width":0,"ocean_custom_logo_mobile_max_width":0,"ocean_custom_logo_max_height":0,"ocean_custom_logo_tablet_max_height":0,"ocean_custom_logo_mobile_max_height":0,"ocean_header_custom_menu":"0","ocean_menu_typo_font_family":"0","ocean_menu_typo_font_subset":"","ocean_menu_typo_font_size":0,"ocean_menu_typo_font_size_tablet":0,"ocean_menu_typo_font_size_mobile":0,"ocean_menu_typo_font_size_unit":"px","ocean_menu_typo_font_weight":"","ocean_menu_typo_font_weight_tablet":"","ocean_menu_typo_font_weight_mobile":"","ocean_menu_typo_transform":"","ocean_menu_typo_transform_tablet":"","ocean_menu_typo_transform_mobile":"","ocean_menu_typo_line_height":0,"ocean_menu_typo_line_height_tablet":0,"ocean_menu_typo_line_height_mobile":0,"ocean_menu_typo_line_height_unit":"","ocean_menu_typo_spacing":0,"ocean_menu_typo_spacing_tablet":0,"ocean_menu_typo_spacing_mobile":0,"ocean_menu_typo_spacing_unit":"","ocean_menu_link_color":"","ocean_menu_link_color_hover":"","ocean_menu_link_color_active":"","ocean_menu_link_background":"","ocean_menu_link_hover_background":"","ocean_menu_link_active_background":"","ocean_menu_social_links_bg":"","ocean_menu_social_hover_links_bg":"","ocean_menu_social_links_color":"","ocean_menu_social_hover_links_color":"","ocean_disable_title":"default","ocean_disable_heading":"default","ocean_post_title":"","ocean_post_subheading":"","ocean_post_title_style":"","ocean_post_title_background_color":"","ocean_post_title_background":0,"ocean_post_title_bg_image_position":"","ocean_post_title_bg_image_attachment":"","ocean_post_title_bg_image_repeat":"","ocean_post_title_bg_image_size":"","ocean_post_title_height":0,"ocean_post_title_bg_overlay":0,"ocean_post_title_bg_overlay_color":"","ocean_disable_breadcrumbs":"default","ocean_breadcrumbs_color":"","ocean_breadcrumbs_separator_color":"","ocean_breadcrumbs_links_color":"","ocean_breadcrumbs_links_hover_color":"","ocean_display_footer_widgets":"default","ocean_display_footer_bottom":"default","ocean_custom_footer_template":"0"},"product_brand":[],"product_cat":[404],"product_tag":[],"class_list":{"0":"post-4939","1":"product","2":"type-product","3":"status-publish","4":"has-post-thumbnail","6":"product_cat-vs-nozarspailes","8":"entry","9":"has-media","11":"first","12":"instock","13":"shipping-taxable","14":"product-type-simple","15":"has-product-nav","16":"col","17":"span_1_of_3","18":"owp-content-center","19":"owp-thumbs-layout-horizontal","20":"owp-btn-normal","21":"owp-tabs-layout-horizontal","22":"has-no-thumbnails"},"acf":[],"_links":{"self":[{"href":"https:\/\/www.dsoline.com\/lv\/wp-json\/wp\/v2\/product\/4939","targetHints":{"allow":["GET"]}}],"collection":[{"href":"https:\/\/www.dsoline.com\/lv\/wp-json\/wp\/v2\/product"}],"about":[{"href":"https:\/\/www.dsoline.com\/lv\/wp-json\/wp\/v2\/types\/product"}],"replies":[{"embeddable":true,"href":"https:\/\/www.dsoline.com\/lv\/wp-json\/wp\/v2\/comments?post=4939"}],"wp:featuredmedia":[{"embeddable":true,"href":"https:\/\/www.dsoline.com\/lv\/wp-json\/wp\/v2\/media\/4164"}],"wp:attachment":[{"href":"https:\/\/www.dsoline.com\/lv\/wp-json\/wp\/v2\/media?parent=4939"}],"wp:term":[{"taxonomy":"product_brand","embeddable":true,"href":"https:\/\/www.dsoline.com\/lv\/wp-json\/wp\/v2\/product_brand?post=4939"},{"taxonomy":"product_cat","embeddable":true,"href":"https:\/\/www.dsoline.com\/lv\/wp-json\/wp\/v2\/product_cat?post=4939"},{"taxonomy":"product_tag","embeddable":true,"href":"https:\/\/www.dsoline.com\/lv\/wp-json\/wp\/v2\/product_tag?post=4939"}],"curies":[{"name":"wp","href":"https:\/\/api.w.org\/{rel}","templated":true}]}}