{"id":4973,"date":"2024-12-23T19:21:59","date_gmt":"2024-12-23T19:21:59","guid":{"rendered":"https:\/\/www.dsoline.com\/product\/smj3-47\/"},"modified":"2026-02-11T09:51:16","modified_gmt":"2026-02-11T09:51:16","slug":"smj3-47","status":"publish","type":"product","link":"https:\/\/www.dsoline.com\/lv\/product\/smj3-47\/","title":{"rendered":"SMJ3.47"},"content":{"rendered":"<p>Savienot\u0101j\u010daulas izmanto kabe\u013cu dz\u012bslu savieno\u0161anai l\u012bdz 36kV. Savienot\u0101j\u010daul\u0101s izmanto skr\u016bves ar nolau\u017eam\u0101m galv\u0101m un t\u0101p\u0113c nav nepiecie\u0161amas izmantot pres\u0113\u0161anas instrumentus. Nepiecie\u0161amais skr\u016bves spriego\u0161anas sp\u0113ks tiek nodro\u0161in\u0101ts pievelkot skr\u016bvi l\u012bdz t\u0101s galva nol\u016bzt. Skr\u016bves adapteris ietilpst SMJ komplekt\u0101. Savienot\u0101j\u010daulas ir \u016bdensdro\u0161as garenvirzien\u0101 un piem\u0113rotas monol\u012bt\u0101m, v\u012bt\u0101m, sektorveida vai apa\u013c\u0101m Al vai Cu dz\u012bsl\u0101m. Kabe\u013ci var b\u016bt ar plastmasas vai pap\u012bra izol\u0101ciju. <\/p>\n<p>&nbsp;<\/p>\n<h3><span style=\"background-color: pink;\"><strong>! VAIRS NETIEK RA\u017dOTS !<\/strong><\/span><\/h3>\n","protected":false},"excerpt":{"rendered":"<p>Savienot\u0101j\u010daulas izmanto kabe\u013cu dz\u012bslu savieno\u0161anai l\u012bdz 36kV. Savienot\u0101j\u010daul\u0101s izmanto skr\u016bves ar nolau\u017eam\u0101m galv\u0101m un t\u0101p\u0113c nav nepiecie\u0161amas izmantot pres\u0113\u0161anas instrumentus. Nepiecie\u0161amais skr\u016bves spriego\u0161anas sp\u0113ks tiek nodro\u0161in\u0101ts pievelkot skr\u016bvi l\u012bdz t\u0101s galva nol\u016bzt. Skr\u016bves adapteris ietilpst SMJ komplekt\u0101. Savienot\u0101j\u010daulas ir \u016bdensdro\u0161as garenvirzien\u0101 un piem\u0113rotas monol\u012bt\u0101m, v\u012bt\u0101m, sektorveida vai apa\u013c\u0101m Al vai Cu dz\u012bsl\u0101m. Kabe\u013ci var b\u016bt [&hellip;]<\/p>\n","protected":false},"featured_media":4243,"comment_status":"closed","ping_status":"closed","template":"","meta":{"_acf_changed":false,"ocean_post_layout":"","ocean_both_sidebars_style":"","ocean_both_sidebars_content_width":0,"ocean_both_sidebars_sidebars_width":0,"ocean_sidebar":"0","ocean_second_sidebar":"0","ocean_disable_margins":"enable","ocean_add_body_class":"","ocean_shortcode_before_top_bar":"","ocean_shortcode_after_top_bar":"","ocean_shortcode_before_header":"","ocean_shortcode_after_header":"","ocean_has_shortcode":"","ocean_shortcode_after_title":"","ocean_shortcode_before_footer_widgets":"","ocean_shortcode_after_footer_widgets":"","ocean_shortcode_before_footer_bottom":"","ocean_shortcode_after_footer_bottom":"","ocean_display_top_bar":"default","ocean_display_header":"default","ocean_header_style":"","ocean_center_header_left_menu":"0","ocean_custom_header_template":"0","ocean_custom_logo":0,"ocean_custom_retina_logo":0,"ocean_custom_logo_max_width":0,"ocean_custom_logo_tablet_max_width":0,"ocean_custom_logo_mobile_max_width":0,"ocean_custom_logo_max_height":0,"ocean_custom_logo_tablet_max_height":0,"ocean_custom_logo_mobile_max_height":0,"ocean_header_custom_menu":"0","ocean_menu_typo_font_family":"0","ocean_menu_typo_font_subset":"","ocean_menu_typo_font_size":0,"ocean_menu_typo_font_size_tablet":0,"ocean_menu_typo_font_size_mobile":0,"ocean_menu_typo_font_size_unit":"px","ocean_menu_typo_font_weight":"","ocean_menu_typo_font_weight_tablet":"","ocean_menu_typo_font_weight_mobile":"","ocean_menu_typo_transform":"","ocean_menu_typo_transform_tablet":"","ocean_menu_typo_transform_mobile":"","ocean_menu_typo_line_height":0,"ocean_menu_typo_line_height_tablet":0,"ocean_menu_typo_line_height_mobile":0,"ocean_menu_typo_line_height_unit":"","ocean_menu_typo_spacing":0,"ocean_menu_typo_spacing_tablet":0,"ocean_menu_typo_spacing_mobile":0,"ocean_menu_typo_spacing_unit":"","ocean_menu_link_color":"","ocean_menu_link_color_hover":"","ocean_menu_link_color_active":"","ocean_menu_link_background":"","ocean_menu_link_hover_background":"","ocean_menu_link_active_background":"","ocean_menu_social_links_bg":"","ocean_menu_social_hover_links_bg":"","ocean_menu_social_links_color":"","ocean_menu_social_hover_links_color":"","ocean_disable_title":"default","ocean_disable_heading":"default","ocean_post_title":"","ocean_post_subheading":"","ocean_post_title_style":"","ocean_post_title_background_color":"","ocean_post_title_background":0,"ocean_post_title_bg_image_position":"","ocean_post_title_bg_image_attachment":"","ocean_post_title_bg_image_repeat":"","ocean_post_title_bg_image_size":"","ocean_post_title_height":0,"ocean_post_title_bg_overlay":0,"ocean_post_title_bg_overlay_color":"","ocean_disable_breadcrumbs":"default","ocean_breadcrumbs_color":"","ocean_breadcrumbs_separator_color":"","ocean_breadcrumbs_links_color":"","ocean_breadcrumbs_links_hover_color":"","ocean_display_footer_widgets":"default","ocean_display_footer_bottom":"default","ocean_custom_footer_template":"0"},"product_brand":[],"product_cat":[348],"product_tag":[],"class_list":{"0":"post-4973","1":"product","2":"type-product","3":"status-publish","4":"has-post-thumbnail","6":"product_cat-vs-savienotajcaulas-ar-noraujamam-skruvju-galvam","8":"entry","9":"has-media","11":"first","12":"instock","13":"shipping-taxable","14":"product-type-simple","15":"has-product-nav","16":"col","17":"span_1_of_3","18":"owp-content-center","19":"owp-thumbs-layout-horizontal","20":"owp-btn-normal","21":"owp-tabs-layout-horizontal","22":"has-no-thumbnails"},"acf":[],"_links":{"self":[{"href":"https:\/\/www.dsoline.com\/lv\/wp-json\/wp\/v2\/product\/4973","targetHints":{"allow":["GET"]}}],"collection":[{"href":"https:\/\/www.dsoline.com\/lv\/wp-json\/wp\/v2\/product"}],"about":[{"href":"https:\/\/www.dsoline.com\/lv\/wp-json\/wp\/v2\/types\/product"}],"replies":[{"embeddable":true,"href":"https:\/\/www.dsoline.com\/lv\/wp-json\/wp\/v2\/comments?post=4973"}],"wp:featuredmedia":[{"embeddable":true,"href":"https:\/\/www.dsoline.com\/lv\/wp-json\/wp\/v2\/media\/4243"}],"wp:attachment":[{"href":"https:\/\/www.dsoline.com\/lv\/wp-json\/wp\/v2\/media?parent=4973"}],"wp:term":[{"taxonomy":"product_brand","embeddable":true,"href":"https:\/\/www.dsoline.com\/lv\/wp-json\/wp\/v2\/product_brand?post=4973"},{"taxonomy":"product_cat","embeddable":true,"href":"https:\/\/www.dsoline.com\/lv\/wp-json\/wp\/v2\/product_cat?post=4973"},{"taxonomy":"product_tag","embeddable":true,"href":"https:\/\/www.dsoline.com\/lv\/wp-json\/wp\/v2\/product_tag?post=4973"}],"curies":[{"name":"wp","href":"https:\/\/api.w.org\/{rel}","templated":true}]}}