{"id":5423,"date":"2025-05-20T11:38:08","date_gmt":"2025-05-20T11:38:08","guid":{"rendered":"https:\/\/www.dsoline.com\/product\/cont-sa10-24\/"},"modified":"2026-03-27T07:48:15","modified_gmt":"2026-03-27T07:48:15","slug":"cont-sa10-24","status":"publish","type":"product","link":"https:\/\/www.dsoline.com\/lv\/product\/cont-sa10-24\/","title":{"rendered":"CONT-SA10-24"},"content":{"rendered":"<p>Ekran\u0113to p\u0101rsprieguma ierobe\u017eot\u0101ju var pievienot CONT630, CONTB630, CONT1250 un CONTB1250 ekran\u0113tiem adapteriem. P\u0101rsprieguma novad\u012bt\u0101js aizsarg\u0101 transformatorus, sadales iek\u0101rtas un sadales t\u012bkla l\u012bnijas pret atmosf\u0113ras un komut\u0101cijas p\u0101rspriegumiem. Komplekt\u0101 ietilpst tr\u012bs p\u0101rsprieguma ierobe\u017eot\u0101ji un uzga\u013ci.<br \/>\n&#8211; Uzga\u013ci ar atdal\u0101m\u0101m skr\u016bvju galvi\u0146\u0101m &#8211; pla\u0161s \u0161\u0137\u0113rsgriezumu diapazons<br \/>\n&#8211; Viegla uzst\u0101d\u012b\u0161ana &#8211; tikai da\u017eas sast\u0101vda\u013cas<br \/>\n&#8211; Silikona materi\u0101ls &#8211; vienk\u0101r\u0161a uzst\u0101d\u012b\u0161ana.  <\/p>\n","protected":false},"excerpt":{"rendered":"<p>Ekran\u0113to p\u0101rsprieguma ierobe\u017eot\u0101ju var pievienot CONT630, CONTB630, CONT1250 un CONTB1250 ekran\u0113tiem adapteriem. P\u0101rsprieguma novad\u012bt\u0101js aizsarg\u0101 transformatorus, sadales iek\u0101rtas un sadales t\u012bkla l\u012bnijas pret atmosf\u0113ras un komut\u0101cijas p\u0101rspriegumiem. Komplekt\u0101 ietilpst tr\u012bs p\u0101rsprieguma ierobe\u017eot\u0101ji un uzga\u013ci. &#8211; Uzga\u013ci ar atdal\u0101m\u0101m skr\u016bvju galvi\u0146\u0101m &#8211; pla\u0161s \u0161\u0137\u0113rsgriezumu diapazons &#8211; Viegla uzst\u0101d\u012b\u0161ana &#8211; tikai da\u017eas sast\u0101vda\u013cas &#8211; Silikona materi\u0101ls &#8211; [&hellip;]<\/p>\n","protected":false},"featured_media":5369,"comment_status":"closed","ping_status":"closed","template":"","meta":{"_acf_changed":false,"ocean_post_layout":"","ocean_both_sidebars_style":"","ocean_both_sidebars_content_width":0,"ocean_both_sidebars_sidebars_width":0,"ocean_sidebar":"0","ocean_second_sidebar":"0","ocean_disable_margins":"enable","ocean_add_body_class":"","ocean_shortcode_before_top_bar":"","ocean_shortcode_after_top_bar":"","ocean_shortcode_before_header":"","ocean_shortcode_after_header":"","ocean_has_shortcode":"","ocean_shortcode_after_title":"","ocean_shortcode_before_footer_widgets":"","ocean_shortcode_after_footer_widgets":"","ocean_shortcode_before_footer_bottom":"","ocean_shortcode_after_footer_bottom":"","ocean_display_top_bar":"default","ocean_display_header":"default","ocean_header_style":"","ocean_center_header_left_menu":"0","ocean_custom_header_template":"0","ocean_custom_logo":0,"ocean_custom_retina_logo":0,"ocean_custom_logo_max_width":0,"ocean_custom_logo_tablet_max_width":0,"ocean_custom_logo_mobile_max_width":0,"ocean_custom_logo_max_height":0,"ocean_custom_logo_tablet_max_height":0,"ocean_custom_logo_mobile_max_height":0,"ocean_header_custom_menu":"0","ocean_menu_typo_font_family":"0","ocean_menu_typo_font_subset":"","ocean_menu_typo_font_size":0,"ocean_menu_typo_font_size_tablet":0,"ocean_menu_typo_font_size_mobile":0,"ocean_menu_typo_font_size_unit":"px","ocean_menu_typo_font_weight":"","ocean_menu_typo_font_weight_tablet":"","ocean_menu_typo_font_weight_mobile":"","ocean_menu_typo_transform":"","ocean_menu_typo_transform_tablet":"","ocean_menu_typo_transform_mobile":"","ocean_menu_typo_line_height":0,"ocean_menu_typo_line_height_tablet":0,"ocean_menu_typo_line_height_mobile":0,"ocean_menu_typo_line_height_unit":"","ocean_menu_typo_spacing":0,"ocean_menu_typo_spacing_tablet":0,"ocean_menu_typo_spacing_mobile":0,"ocean_menu_typo_spacing_unit":"","ocean_menu_link_color":"","ocean_menu_link_color_hover":"","ocean_menu_link_color_active":"","ocean_menu_link_background":"","ocean_menu_link_hover_background":"","ocean_menu_link_active_background":"","ocean_menu_social_links_bg":"","ocean_menu_social_hover_links_bg":"","ocean_menu_social_links_color":"","ocean_menu_social_hover_links_color":"","ocean_disable_title":"default","ocean_disable_heading":"default","ocean_post_title":"","ocean_post_subheading":"","ocean_post_title_style":"","ocean_post_title_background_color":"","ocean_post_title_background":0,"ocean_post_title_bg_image_position":"","ocean_post_title_bg_image_attachment":"","ocean_post_title_bg_image_repeat":"","ocean_post_title_bg_image_size":"","ocean_post_title_height":0,"ocean_post_title_bg_overlay":0,"ocean_post_title_bg_overlay_color":"","ocean_disable_breadcrumbs":"default","ocean_breadcrumbs_color":"","ocean_breadcrumbs_separator_color":"","ocean_breadcrumbs_links_color":"","ocean_breadcrumbs_links_hover_color":"","ocean_display_footer_widgets":"default","ocean_display_footer_bottom":"default","ocean_custom_footer_template":"0"},"product_brand":[],"product_cat":[339],"product_tag":[],"class_list":{"0":"post-5423","1":"product","2":"type-product","3":"status-publish","4":"has-post-thumbnail","6":"product_cat-cont-sa-ekranetie-izladni-prieks-t-veida-adapteriem","8":"entry","9":"has-media","11":"first","12":"instock","13":"shipping-taxable","14":"product-type-simple","15":"has-product-nav","16":"col","17":"span_1_of_3","18":"owp-content-center","19":"owp-thumbs-layout-horizontal","20":"owp-btn-normal","21":"owp-tabs-layout-horizontal","22":"has-no-thumbnails"},"acf":[],"_links":{"self":[{"href":"https:\/\/www.dsoline.com\/lv\/wp-json\/wp\/v2\/product\/5423","targetHints":{"allow":["GET"]}}],"collection":[{"href":"https:\/\/www.dsoline.com\/lv\/wp-json\/wp\/v2\/product"}],"about":[{"href":"https:\/\/www.dsoline.com\/lv\/wp-json\/wp\/v2\/types\/product"}],"replies":[{"embeddable":true,"href":"https:\/\/www.dsoline.com\/lv\/wp-json\/wp\/v2\/comments?post=5423"}],"wp:featuredmedia":[{"embeddable":true,"href":"https:\/\/www.dsoline.com\/lv\/wp-json\/wp\/v2\/media\/5369"}],"wp:attachment":[{"href":"https:\/\/www.dsoline.com\/lv\/wp-json\/wp\/v2\/media?parent=5423"}],"wp:term":[{"taxonomy":"product_brand","embeddable":true,"href":"https:\/\/www.dsoline.com\/lv\/wp-json\/wp\/v2\/product_brand?post=5423"},{"taxonomy":"product_cat","embeddable":true,"href":"https:\/\/www.dsoline.com\/lv\/wp-json\/wp\/v2\/product_cat?post=5423"},{"taxonomy":"product_tag","embeddable":true,"href":"https:\/\/www.dsoline.com\/lv\/wp-json\/wp\/v2\/product_tag?post=5423"}],"curies":[{"name":"wp","href":"https:\/\/api.w.org\/{rel}","templated":true}]}}